{"id":9164,"date":"2022-08-15T13:03:45","date_gmt":"2022-08-15T11:03:45","guid":{"rendered":"https:\/\/mawt.ch\/contact\/"},"modified":"2022-11-21T17:47:37","modified_gmt":"2022-11-21T16:47:37","slug":"contact","status":"publish","type":"page","link":"https:\/\/mawt.ch\/fr\/contact\/","title":{"rendered":"Contact"},"content":{"rendered":"\t\t<div data-elementor-type=\"wp-page\" data-elementor-id=\"9164\" class=\"elementor elementor-9164\" data-elementor-post-type=\"page\">\n\t\t\t\t\t\t<section class=\"has_eae_slider elementor-section elementor-top-section elementor-element elementor-element-78c11a0 elementor-section-full_width elementor-section-height-default elementor-section-height-default\" data-eae-slider=\"32642\" data-id=\"78c11a0\" data-element_type=\"section\" data-e-type=\"section\" data-settings=\"{&quot;background_background&quot;:&quot;classic&quot;}\">\n\t\t\t\t\t\t<div class=\"elementor-container elementor-column-gap-default\">\n\t\t\t\t\t<div class=\"has_eae_slider elementor-column elementor-col-100 elementor-top-column elementor-element elementor-element-7d66091\" data-eae-slider=\"68383\" data-id=\"7d66091\" data-element_type=\"column\" data-e-type=\"column\">\n\t\t\t<div class=\"elementor-widget-wrap elementor-element-populated\">\n\t\t\t\t\t\t<div class=\"elementor-element elementor-element-64b429f elementor-widget elementor-widget-heading\" data-id=\"64b429f\" data-element_type=\"widget\" data-e-type=\"widget\" data-widget_type=\"heading.default\">\n\t\t\t\t<div class=\"elementor-widget-container\">\n\t\t\t\t\t<h1 class=\"elementor-heading-title elementor-size-default\">Ah bon<span style=\"color:#56D5AA\">?<\/span><\/h1>\t\t\t\t<\/div>\n\t\t\t\t<\/div>\n\t\t\t\t\t<\/div>\n\t\t<\/div>\n\t\t\t\t\t<\/div>\n\t\t<\/section>\n\t\t\t\t<section class=\"has_eae_slider elementor-section elementor-top-section elementor-element elementor-element-4b26cd3 elementor-section-full_width elementor-section-height-default elementor-section-height-default\" data-eae-slider=\"90319\" data-id=\"4b26cd3\" data-element_type=\"section\" data-e-type=\"section\" data-settings=\"{&quot;background_background&quot;:&quot;classic&quot;}\">\n\t\t\t\t\t\t<div class=\"elementor-container elementor-column-gap-default\">\n\t\t\t\t\t<div class=\"has_eae_slider elementor-column elementor-col-100 elementor-top-column elementor-element elementor-element-5e94b4b\" data-eae-slider=\"95058\" data-id=\"5e94b4b\" data-element_type=\"column\" data-e-type=\"column\" data-settings=\"{&quot;background_background&quot;:&quot;classic&quot;}\">\n\t\t\t<div class=\"elementor-widget-wrap elementor-element-populated\">\n\t\t\t\t\t\t<section class=\"has_eae_slider elementor-section elementor-inner-section elementor-element elementor-element-e321498 elementor-section-boxed elementor-section-height-default elementor-section-height-default\" data-eae-slider=\"54856\" data-id=\"e321498\" data-element_type=\"section\" data-e-type=\"section\">\n\t\t\t\t\t\t<div class=\"elementor-container elementor-column-gap-default\">\n\t\t\t\t\t<div class=\"has_eae_slider elementor-column elementor-col-50 elementor-inner-column elementor-element elementor-element-76e80dd\" data-eae-slider=\"91302\" data-id=\"76e80dd\" data-element_type=\"column\" data-e-type=\"column\">\n\t\t\t<div class=\"elementor-widget-wrap elementor-element-populated\">\n\t\t\t\t\t\t<div class=\"elementor-element elementor-element-bd3a010 elementor-widget elementor-widget-heading\" data-id=\"bd3a010\" data-element_type=\"widget\" data-e-type=\"widget\" data-widget_type=\"heading.default\">\n\t\t\t\t<div class=\"elementor-widget-container\">\n\t\t\t\t\t<h2 class=\"elementor-heading-title elementor-size-default\">Contactez-nous<\/h2>\t\t\t\t<\/div>\n\t\t\t\t<\/div>\n\t\t\t\t<div class=\"elementor-element elementor-element-73c136e elementor-widget elementor-widget-text-editor\" data-id=\"73c136e\" data-element_type=\"widget\" data-e-type=\"widget\" data-widget_type=\"text-editor.default\">\n\t\t\t\t<div class=\"elementor-widget-container\">\n\t\t\t\t\t\t\t\t\t<p><span style=\"vertical-align: inherit;\"><span style=\"vertical-align: inherit;\">Vous avez des questions sur nos services ? <\/span><span style=\"vertical-align: inherit;\">Vous voulez parler de votre projet de marketing ?<\/span><\/span><\/p><p>Contactez-nous d\u00e8s aujourd&#8217;hui ! Nous sommes pr\u00eats \u00e0 acc\u00e9l\u00e9rer votre succ\u00e8s en mati\u00e8re de marketing num\u00e9rique !<\/p>\t\t\t\t\t\t\t\t<\/div>\n\t\t\t\t<\/div>\n\t\t\t\t\t<\/div>\n\t\t<\/div>\n\t\t\t\t<div class=\"has_eae_slider elementor-column elementor-col-50 elementor-inner-column elementor-element elementor-element-1827b7e\" data-eae-slider=\"21895\" data-id=\"1827b7e\" data-element_type=\"column\" data-e-type=\"column\">\n\t\t\t<div class=\"elementor-widget-wrap elementor-element-populated\">\n\t\t\t\t\t\t<div class=\"elementor-element elementor-element-91ba963 elementor-widget elementor-widget-heading\" data-id=\"91ba963\" data-element_type=\"widget\" data-e-type=\"widget\" data-widget_type=\"heading.default\">\n\t\t\t\t<div class=\"elementor-widget-container\">\n\t\t\t\t\t<h2 class=\"elementor-heading-title elementor-size-default\">Am\u00e9liorez votre marque.<\/h2>\t\t\t\t<\/div>\n\t\t\t\t<\/div>\n\t\t\t\t<div class=\"elementor-element elementor-element-f39375f elementor-widget elementor-widget-text-editor\" data-id=\"f39375f\" data-element_type=\"widget\" data-e-type=\"widget\" data-widget_type=\"text-editor.default\">\n\t\t\t\t<div class=\"elementor-widget-container\">\n\t\t\t\t\t\t\t\t\t<p><span style=\"vertical-align: inherit;\"><span style=\"vertical-align: inherit;\"><span style=\"vertical-align: inherit;\"><span style=\"vertical-align: inherit;\">Vous pouvez nous joindre \u00e0 tout moment via info@mawt.ch<\/span><\/span><\/span><\/span><\/p><p>Pour demander une consultation gratuite, remplissez le formulaire ci-dessous ou appelez-nous ici<\/p><p>\u00a0<\/p><p>xxxxxxxx (Entrez votre num\u00e9ro) et envoyez un courriel.<\/p>\t\t\t\t\t\t\t\t<\/div>\n\t\t\t\t<\/div>\n\t\t\t\t\t<\/div>\n\t\t<\/div>\n\t\t\t\t\t<\/div>\n\t\t<\/section>\n\t\t\t\t<section class=\"has_eae_slider elementor-section elementor-inner-section elementor-element elementor-element-8171ef5 elementor-section-boxed elementor-section-height-default elementor-section-height-default\" data-eae-slider=\"23402\" data-id=\"8171ef5\" data-element_type=\"section\" data-e-type=\"section\">\n\t\t\t\t\t\t<div class=\"elementor-container elementor-column-gap-default\">\n\t\t\t\t\t<div class=\"has_eae_slider elementor-column elementor-col-50 elementor-inner-column elementor-element elementor-element-7823dc3\" data-eae-slider=\"30920\" data-id=\"7823dc3\" data-element_type=\"column\" data-e-type=\"column\">\n\t\t\t<div class=\"elementor-widget-wrap elementor-element-populated\">\n\t\t\t\t\t\t<div class=\"elementor-element elementor-element-bfc0c43 elementor-widget__width-auto elementor-widget-mobile__width-inherit elementor-view-default elementor-widget elementor-widget-icon\" data-id=\"bfc0c43\" data-element_type=\"widget\" data-e-type=\"widget\" data-widget_type=\"icon.default\">\n\t\t\t\t<div class=\"elementor-widget-container\">\n\t\t\t\t\t\t\t<div class=\"elementor-icon-wrapper\">\n\t\t\t<div class=\"elementor-icon\">\n\t\t\t<svg xmlns=\"http:\/\/www.w3.org\/2000\/svg\" width=\"37\" height=\"27\" viewBox=\"0 0 37 27\" fill=\"none\"><path d=\"M31.7443 26.5056H5.25568C3.86229 26.504 2.52644 25.9497 1.54116 24.9644C0.555884 23.9792 0.0016364 22.6433 0 21.2499V5.39631C0.0016364 4.00292 0.555884 2.66706 1.54116 1.68179C2.52644 0.696509 3.86229 0.142261 5.25568 0.140625H31.7443C33.1377 0.142261 34.4736 0.696509 35.4588 1.68179C36.4441 2.66706 36.9984 4.00292 37 5.39631V21.2499C36.9984 22.6433 36.4441 23.9792 35.4588 24.9644C34.4736 25.9497 33.1377 26.504 31.7443 26.5056ZM5.25568 1.99557C4.35375 1.99557 3.48876 2.35386 2.851 2.99162C2.21324 3.62938 1.85495 4.49438 1.85495 5.39631V21.2499C1.85495 22.1518 2.21324 23.0168 2.851 23.6546C3.48876 24.2924 4.35375 24.6507 5.25568 24.6507H31.7443C32.6462 24.6507 33.5112 24.2924 34.149 23.6546C34.7868 23.0168 35.1451 22.1518 35.1451 21.2499V5.39631C35.1451 4.49438 34.7868 3.62938 34.149 2.99162C33.5112 2.35386 32.6462 1.99557 31.7443 1.99557H5.25568Z\" fill=\"#004D61\"><\/path><path d=\"M18.4999 17.0825C17.3557 17.0843 16.2422 16.7131 15.3279 16.0252L0.890275 5.1057C0.788267 5.03411 0.701733 4.94269 0.635842 4.83691C0.56995 4.73113 0.526054 4.61316 0.506773 4.49003C0.487492 4.36691 0.493222 4.24116 0.523622 4.1203C0.554022 3.99944 0.608467 3.88595 0.683707 3.7866C0.758946 3.68725 0.853436 3.60408 0.961534 3.54206C1.06963 3.48005 1.18912 3.44045 1.31286 3.42564C1.4366 3.41083 1.56206 3.42111 1.68174 3.45587C1.80142 3.49062 1.91287 3.54914 2.00943 3.62793L16.4471 14.5597C17.04 15.0023 17.76 15.2414 18.4999 15.2414C19.2398 15.2414 19.9598 15.0023 20.5527 14.5597L34.9904 3.62793C35.0869 3.54914 35.1984 3.49062 35.3181 3.45587C35.4377 3.42111 35.5632 3.41083 35.6869 3.42564C35.8107 3.44045 35.9302 3.48005 36.0383 3.54206C36.1464 3.60408 36.2409 3.68725 36.3161 3.7866C36.3913 3.88595 36.4458 3.99944 36.4762 4.1203C36.5066 4.24116 36.5123 4.36691 36.493 4.49003C36.4737 4.61316 36.4298 4.73113 36.364 4.83691C36.2981 4.94269 36.2115 5.03411 36.1095 5.1057L21.6719 16.0252C20.7576 16.7131 19.6441 17.0843 18.4999 17.0825Z\" fill=\"#004D61\"><\/path><path d=\"M1.29212 23.9211C1.10401 23.9213 0.920263 23.8644 0.765261 23.7578C0.61026 23.6512 0.491329 23.5 0.424252 23.3243C0.357175 23.1486 0.345121 22.9566 0.389691 22.7738C0.434261 22.5911 0.533348 22.4262 0.673802 22.3011L12.0508 12.1545C12.2345 11.9905 12.4758 11.9062 12.7216 11.9201C12.9674 11.934 13.1976 12.045 13.3616 12.2287C13.5256 12.4124 13.6099 12.6537 13.596 12.8995C13.5821 13.1453 13.4711 13.3755 13.2874 13.5395L1.91043 23.6861C1.74148 23.8398 1.52053 23.9238 1.29212 23.9211ZM35.7076 23.9211C35.4791 23.9238 35.2582 23.8398 35.0892 23.6861L23.7122 13.5395C23.5286 13.3755 23.4176 13.1453 23.4037 12.8995C23.3897 12.6537 23.4741 12.4124 23.638 12.2287C23.802 12.045 24.0323 11.934 24.2781 11.9201C24.5239 11.9062 24.7652 11.9905 24.9489 12.1545L36.3197 22.3011C36.4601 22.4262 36.5592 22.5911 36.6038 22.7738C36.6484 22.9566 36.6363 23.1486 36.5692 23.3243C36.5022 23.5 36.3832 23.6512 36.2282 23.7578C36.0732 23.8644 35.8895 23.9213 35.7014 23.9211H35.7076Z\" fill=\"#004D61\"><\/path><\/svg>\t\t\t<\/div>\n\t\t<\/div>\n\t\t\t\t\t\t<\/div>\n\t\t\t\t<\/div>\n\t\t\t\t<div class=\"elementor-element elementor-element-ec11e05 elementor-widget__width-auto elementor-widget-mobile__width-inherit elementor-widget elementor-widget-heading\" data-id=\"ec11e05\" data-element_type=\"widget\" data-e-type=\"widget\" data-widget_type=\"heading.default\">\n\t\t\t\t<div class=\"elementor-widget-container\">\n\t\t\t\t\t<h2 class=\"elementor-heading-title elementor-size-default\">Clavardez avec nous<\/h2>\t\t\t\t<\/div>\n\t\t\t\t<\/div>\n\t\t\t\t<div class=\"elementor-element elementor-element-08ad43c elementor-widget elementor-widget-text-editor\" data-id=\"08ad43c\" data-element_type=\"widget\" data-e-type=\"widget\" data-widget_type=\"text-editor.default\">\n\t\t\t\t<div class=\"elementor-widget-container\">\n\t\t\t\t\t\t\t\t\t<p>Notre \u00e9quipe amicale est l\u00e0 pour vous aider.<\/p>\n\t\t\t\t\t\t\t\t<\/div>\n\t\t\t\t<\/div>\n\t\t\t\t<div class=\"elementor-element elementor-element-62c2874 elementor-widget elementor-widget-text-editor\" data-id=\"62c2874\" data-element_type=\"widget\" data-e-type=\"widget\" data-widget_type=\"text-editor.default\">\n\t\t\t\t<div class=\"elementor-widget-container\">\n\t\t\t\t\t\t\t\t\t<p>info@mawt.ch<\/p>\n\t\t\t\t\t\t\t\t<\/div>\n\t\t\t\t<\/div>\n\t\t\t\t<div class=\"elementor-element elementor-element-0437ed4 elementor-widget__width-auto elementor-widget-mobile__width-inherit elementor-view-default elementor-widget elementor-widget-icon\" data-id=\"0437ed4\" data-element_type=\"widget\" data-e-type=\"widget\" data-widget_type=\"icon.default\">\n\t\t\t\t<div class=\"elementor-widget-container\">\n\t\t\t\t\t\t\t<div class=\"elementor-icon-wrapper\">\n\t\t\t<div class=\"elementor-icon\">\n\t\t\t<svg xmlns=\"http:\/\/www.w3.org\/2000\/svg\" width=\"27\" height=\"29\" viewBox=\"0 0 27 29\" fill=\"none\"><path d=\"M9.75949 26.3414V22.2013C9.75947 21.1483 10.5962 20.2926 11.6329 20.2855H15.4304C16.472 20.2855 17.3165 21.1433 17.3165 22.2013V26.3543C17.3162 27.2483 18.0188 27.979 18.8987 28H21.4304C23.9541 28 26 25.9219 26 23.3585V11.5811C25.9865 10.5726 25.5204 9.62562 24.7342 9.00959L16.0759 1.92516C14.5591 0.691614 12.4029 0.691614 10.8861 1.92516L2.26582 9.02245C1.47666 9.63598 1.00972 10.5845 1 11.5939V23.3585C1 25.9219 3.04589 28 5.56962 28H8.10127C9.0031 28 9.73418 27.2574 9.73418 26.3414\" stroke=\"#004D61\" stroke-width=\"2\" stroke-linecap=\"round\" stroke-linejoin=\"round\"><\/path><\/svg>\t\t\t<\/div>\n\t\t<\/div>\n\t\t\t\t\t\t<\/div>\n\t\t\t\t<\/div>\n\t\t\t\t<div class=\"elementor-element elementor-element-262fd67 elementor-widget__width-auto elementor-widget-mobile__width-inherit elementor-widget elementor-widget-heading\" data-id=\"262fd67\" data-element_type=\"widget\" data-e-type=\"widget\" data-widget_type=\"heading.default\">\n\t\t\t\t<div class=\"elementor-widget-container\">\n\t\t\t\t\t<h2 class=\"elementor-heading-title elementor-size-default\">Bureau<\/h2>\t\t\t\t<\/div>\n\t\t\t\t<\/div>\n\t\t\t\t<div class=\"elementor-element elementor-element-e98c973 elementor-widget elementor-widget-text-editor\" data-id=\"e98c973\" data-element_type=\"widget\" data-e-type=\"widget\" data-widget_type=\"text-editor.default\">\n\t\t\t\t<div class=\"elementor-widget-container\">\n\t\t\t\t\t\t\t\t\t<p>Venez nous dire bonjour \u00e0 notre si\u00e8ge social.<\/p>\n\t\t\t\t\t\t\t\t<\/div>\n\t\t\t\t<\/div>\n\t\t\t\t<div class=\"elementor-element elementor-element-f33a3e0 elementor-widget elementor-widget-text-editor\" data-id=\"f33a3e0\" data-element_type=\"widget\" data-e-type=\"widget\" data-widget_type=\"text-editor.default\">\n\t\t\t\t<div class=\"elementor-widget-container\">\n\t\t\t\t\t\t\t\t\t<p>Rue de la fontenette 23<\/p>\n<p>1227 Carouge<\/p>\n\t\t\t\t\t\t\t\t<\/div>\n\t\t\t\t<\/div>\n\t\t\t\t<div class=\"elementor-element elementor-element-5d7652e elementor-widget__width-auto elementor-widget-mobile__width-inherit elementor-view-default elementor-widget elementor-widget-icon\" data-id=\"5d7652e\" data-element_type=\"widget\" data-e-type=\"widget\" data-widget_type=\"icon.default\">\n\t\t\t\t<div class=\"elementor-widget-container\">\n\t\t\t\t\t\t\t<div class=\"elementor-icon-wrapper\">\n\t\t\t<div class=\"elementor-icon\">\n\t\t\t<svg xmlns=\"http:\/\/www.w3.org\/2000\/svg\" width=\"30\" height=\"30\" viewBox=\"0 0 30 30\" fill=\"none\"><path d=\"M28.6303 21.767C27.3861 20.4886 23.8497 18.0938 21.5318 18.0938C20.9949 18.0938 20.5262 18.2131 20.1428 18.4602C19.0094 19.1847 18.1061 19.7472 17.6715 19.7472C17.4329 19.7472 17.1772 19.5341 16.6148 19.0483L16.5211 18.9631C14.9616 17.608 14.6293 17.2585 14.0242 16.6278L13.8709 16.4659C13.7601 16.3551 13.6663 16.2528 13.5726 16.1591C13.0443 15.6136 12.6608 15.2216 11.3058 13.6875L11.2462 13.6193C10.5986 12.8864 10.1725 12.4091 10.1469 12.0597C10.1213 11.7188 10.4196 11.1648 11.178 10.1335C12.0984 8.8892 12.1324 7.35511 11.2888 5.57386C10.6156 4.16761 9.51631 2.82102 8.54485 1.63636L8.45963 1.53409C7.62451 0.511364 6.65305 0 5.57081 0C4.36926 0 3.37223 0.647727 2.84389 0.988636C2.80129 1.0142 2.75868 1.0483 2.71607 1.07386C1.53157 1.82386 0.670884 2.85511 0.347063 3.90341C-0.138668 5.48011 -0.462489 7.52557 1.86391 11.7784C3.87501 15.4602 5.69863 17.9318 8.59598 20.9062C11.3229 23.7017 12.533 24.6051 15.2428 26.5653C18.2595 28.7472 21.1568 30 23.185 30C25.0682 30 26.551 30 28.6644 27.4517C30.88 24.7756 29.9596 23.1392 28.6303 21.767ZM27.6503 26.5312C25.946 28.5938 24.966 28.5938 23.1935 28.5938C21.4636 28.5938 18.7793 27.4006 16.0183 25.4148C13.3766 23.5057 12.2006 22.6278 9.5504 19.9091C6.74679 17.0369 4.98282 14.642 3.03989 11.0881C0.986184 7.32955 1.21627 5.68466 1.63383 4.32955C1.85539 3.60511 2.52007 2.82955 3.42336 2.26705C3.46597 2.24148 3.50858 2.20739 3.55971 2.18182C4.01135 1.89205 4.76125 1.40625 5.57933 1.40625C6.26106 1.40625 6.86609 1.74716 7.44556 2.45455L7.53078 2.55682C9.70379 5.21591 11.3996 7.56818 10.1213 9.30682C9.21805 10.5256 8.74084 11.3523 8.81754 12.2045C8.88571 13.0313 9.43962 13.6534 10.2747 14.5909L10.3344 14.6591C11.7064 16.2102 12.0984 16.6193 12.6437 17.1733C12.7375 17.267 12.8312 17.3693 12.942 17.4801L13.0954 17.642C13.726 18.2983 14.0754 18.6562 15.6774 20.0625L15.7712 20.1477C16.4529 20.7443 16.9557 21.179 17.6885 21.179C18.447 21.179 19.2821 20.7017 20.8671 19.6875C21.029 19.5852 21.2591 19.5256 21.5488 19.5256C23.398 19.5256 26.5851 21.6392 27.7014 22.7898C28.724 23.8295 29.2353 24.6136 27.6503 26.5312Z\" fill=\"#002B36\"><\/path><\/svg>\t\t\t<\/div>\n\t\t<\/div>\n\t\t\t\t\t\t<\/div>\n\t\t\t\t<\/div>\n\t\t\t\t<div class=\"elementor-element elementor-element-f2c7d35 elementor-widget__width-auto elementor-widget-mobile__width-inherit elementor-widget elementor-widget-heading\" data-id=\"f2c7d35\" data-element_type=\"widget\" data-e-type=\"widget\" data-widget_type=\"heading.default\">\n\t\t\t\t<div class=\"elementor-widget-container\">\n\t\t\t\t\t<h2 class=\"elementor-heading-title elementor-size-default\">T\u00e9l\u00e9phone<\/h2>\t\t\t\t<\/div>\n\t\t\t\t<\/div>\n\t\t\t\t<div class=\"elementor-element elementor-element-b81aaec elementor-widget__width-auto elementor-widget-mobile__width-inherit elementor-widget elementor-widget-text-editor\" data-id=\"b81aaec\" data-element_type=\"widget\" data-e-type=\"widget\" data-widget_type=\"text-editor.default\">\n\t\t\t\t<div class=\"elementor-widget-container\">\n\t\t\t\t\t\t\t\t\t<p>+41 76 636 33 33<\/p>\n\t\t\t\t\t\t\t\t<\/div>\n\t\t\t\t<\/div>\n\t\t\t\t\t<\/div>\n\t\t<\/div>\n\t\t\t\t<div class=\"has_eae_slider elementor-column elementor-col-50 elementor-inner-column elementor-element elementor-element-b39f2bd\" data-eae-slider=\"63541\" data-id=\"b39f2bd\" data-element_type=\"column\" data-e-type=\"column\">\n\t\t\t<div class=\"elementor-widget-wrap elementor-element-populated\">\n\t\t\t\t\t\t<div class=\"elementor-element elementor-element-51ecb74 elementor-button-align-start elementor-widget elementor-widget-form\" data-id=\"51ecb74\" data-element_type=\"widget\" data-e-type=\"widget\" data-settings=\"{&quot;step_next_label&quot;:&quot;Prochain&quot;,&quot;step_previous_label&quot;:&quot;Pr\\u00e9c\\u00e9dent&quot;,&quot;button_width&quot;:&quot;100&quot;,&quot;step_type&quot;:&quot;number_text&quot;,&quot;step_icon_shape&quot;:&quot;circle&quot;}\" data-widget_type=\"form.default\">\n\t\t\t\t<div class=\"elementor-widget-container\">\n\t\t\t\t\t\t\t<form class=\"elementor-form\" method=\"post\" name=\"Nouveau formulaire\" aria-label=\"Nouveau formulaire\">\n\t\t\t<input type=\"hidden\" name=\"post_id\" value=\"9164\"\/>\n\t\t\t<input type=\"hidden\" name=\"form_id\" value=\"51ecb74\"\/>\n\t\t\t<input type=\"hidden\" name=\"referer_title\" value=\"Contact\" \/>\n\n\t\t\t\t\t\t\t<input type=\"hidden\" name=\"queried_id\" value=\"9164\"\/>\n\t\t\t\n\t\t\t<div class=\"elementor-form-fields-wrapper elementor-labels-above\">\n\t\t\t\t\t\t\t\t<div class=\"elementor-field-type-text elementor-field-group elementor-column elementor-field-group-name elementor-col-100\">\n\t\t\t\t\t\t\t\t\t\t\t\t<label for=\"form-field-name\" class=\"elementor-field-label\">\n\t\t\t\t\t\t\t\tNom\t\t\t\t\t\t\t<\/label>\n\t\t\t\t\t\t\t\t\t\t\t\t\t\t<input size=\"1\" type=\"text\" name=\"form_fields[name]\" id=\"form-field-name\" class=\"elementor-field elementor-size-sm  elementor-field-textual\" placeholder=\"Nom\">\n\t\t\t\t\t\t\t\t\t\t\t<\/div>\n\t\t\t\t\t\t\t\t<div class=\"elementor-field-type-email elementor-field-group elementor-column elementor-field-group-email elementor-col-100 elementor-field-required\">\n\t\t\t\t\t\t\t\t\t\t\t\t<label for=\"form-field-email\" class=\"elementor-field-label\">\n\t\t\t\t\t\t\t\tMessagerie \u00e9lectronique\t\t\t\t\t\t\t<\/label>\n\t\t\t\t\t\t\t\t\t\t\t\t\t\t<input size=\"1\" type=\"email\" name=\"form_fields[email]\" id=\"form-field-email\" class=\"elementor-field elementor-size-sm  elementor-field-textual\" placeholder=\"Messagerie \u00e9lectronique\" required=\"required\">\n\t\t\t\t\t\t\t\t\t\t\t<\/div>\n\t\t\t\t\t\t\t\t<div class=\"elementor-field-type-textarea elementor-field-group elementor-column elementor-field-group-message elementor-col-100\">\n\t\t\t\t\t\t\t\t\t\t\t\t<label for=\"form-field-message\" class=\"elementor-field-label\">\n\t\t\t\t\t\t\t\tMessage\t\t\t\t\t\t\t<\/label>\n\t\t\t\t\t\t<textarea class=\"elementor-field-textual elementor-field  elementor-size-sm\" name=\"form_fields[message]\" id=\"form-field-message\" rows=\"4\" placeholder=\"Message\"><\/textarea>\t\t\t\t<\/div>\n\t\t\t\t\t\t\t\t<div class=\"elementor-field-type-checkbox elementor-field-group elementor-column elementor-field-group-field_ce98561 elementor-col-50\">\n\t\t\t\t\t<div class=\"elementor-field-subgroup  \"><span class=\"elementor-field-option\"><input type=\"checkbox\" value=\"Cr\u00e9ation de site web  \" id=\"form-field-field_ce98561-0\" name=\"form_fields[field_ce98561][]\"> <label for=\"form-field-field_ce98561-0\">Cr\u00e9ation de site web  <\/label><\/span><span class=\"elementor-field-option\"><input type=\"checkbox\" value=\"Cr\u00e9ation d\u2019applications \" id=\"form-field-field_ce98561-1\" name=\"form_fields[field_ce98561][]\"> <label for=\"form-field-field_ce98561-1\">Cr\u00e9ation d\u2019applications <\/label><\/span><span class=\"elementor-field-option\"><input type=\"checkbox\" value=\"Visite virtuelle  \" id=\"form-field-field_ce98561-2\" name=\"form_fields[field_ce98561][]\"> <label for=\"form-field-field_ce98561-2\">Visite virtuelle  <\/label><\/span><\/div>\t\t\t\t<\/div>\n\t\t\t\t\t\t\t\t<div class=\"elementor-field-type-checkbox elementor-field-group elementor-column elementor-field-group-field_4dc2379 elementor-col-50\">\n\t\t\t\t\t<div class=\"elementor-field-subgroup  \"><span class=\"elementor-field-option\"><input type=\"checkbox\" value=\"Conseil num\u00e9rique \" id=\"form-field-field_4dc2379-0\" name=\"form_fields[field_4dc2379][]\"> <label for=\"form-field-field_4dc2379-0\">Conseil num\u00e9rique <\/label><\/span><span class=\"elementor-field-option\"><input type=\"checkbox\" value=\"Conception cr\u00e9ative\" id=\"form-field-field_4dc2379-1\" name=\"form_fields[field_4dc2379][]\"> <label for=\"form-field-field_4dc2379-1\">Conception cr\u00e9ative<\/label><\/span><span class=\"elementor-field-option\"><input type=\"checkbox\" value=\"Marketing num\u00e9rique\" id=\"form-field-field_4dc2379-2\" name=\"form_fields[field_4dc2379][]\"> <label for=\"form-field-field_4dc2379-2\">Marketing num\u00e9rique<\/label><\/span><\/div>\t\t\t\t<\/div>\n\t\t\t\t\t\t\t\t<div class=\"elementor-field-group elementor-column elementor-field-type-submit elementor-col-100 e-form__buttons\">\n\t\t\t\t\t<button class=\"elementor-button elementor-size-sm\" type=\"submit\">\n\t\t\t\t\t\t<span class=\"elementor-button-content-wrapper\">\n\t\t\t\t\t\t\t\t\t\t\t\t\t\t\t<span class=\"elementor-button-icon\">\n\t\t\t\t\t\t\t\t\t<i aria-hidden=\"true\" class=\"fas fa-arrow-right\"><\/i>\t\t\t\t\t\t\t\t\t\t\t\t\t\t\t\t\t<\/span>\n\t\t\t\t\t\t\t\t\t\t\t\t\t\t\t\t\t\t\t\t\t\t<span class=\"elementor-button-text\">Envoyer<\/span>\n\t\t\t\t\t\t\t\t\t\t\t\t\t<\/span>\n\t\t\t\t\t<\/button>\n\t\t\t\t<\/div>\n\t\t\t<\/div>\n\t\t<\/form>\n\t\t\t\t\t\t<\/div>\n\t\t\t\t<\/div>\n\t\t\t\t\t<\/div>\n\t\t<\/div>\n\t\t\t\t\t<\/div>\n\t\t<\/section>\n\t\t\t\t\t<\/div>\n\t\t<\/div>\n\t\t\t\t\t<\/div>\n\t\t<\/section>\n\t\t\t\t<\/div>\n\t\t","protected":false},"excerpt":{"rendered":"<p>Ah bon? Contactez-nous Vous avez des questions sur nos services ? Vous voulez parler de votre projet de marketing ? Contactez-nous d\u00e8s aujourd&#8217;hui ! Nous sommes pr\u00eats \u00e0 acc\u00e9l\u00e9rer votre succ\u00e8s en mati\u00e8re de marketing num\u00e9rique ! Am\u00e9liorez votre marque. Vous pouvez nous joindre \u00e0 tout moment via info@mawt.ch Pour demander une consultation gratuite, remplissez [&hellip;]<\/p>\n","protected":false},"author":1,"featured_media":0,"parent":0,"menu_order":0,"comment_status":"closed","ping_status":"closed","template":"","meta":{"footnotes":""},"class_list":["post-9164","page","type-page","status-publish","hentry"],"_links":{"self":[{"href":"https:\/\/mawt.ch\/fr\/wp-json\/wp\/v2\/pages\/9164","targetHints":{"allow":["GET"]}}],"collection":[{"href":"https:\/\/mawt.ch\/fr\/wp-json\/wp\/v2\/pages"}],"about":[{"href":"https:\/\/mawt.ch\/fr\/wp-json\/wp\/v2\/types\/page"}],"author":[{"embeddable":true,"href":"https:\/\/mawt.ch\/fr\/wp-json\/wp\/v2\/users\/1"}],"replies":[{"embeddable":true,"href":"https:\/\/mawt.ch\/fr\/wp-json\/wp\/v2\/comments?post=9164"}],"version-history":[{"count":0,"href":"https:\/\/mawt.ch\/fr\/wp-json\/wp\/v2\/pages\/9164\/revisions"}],"wp:attachment":[{"href":"https:\/\/mawt.ch\/fr\/wp-json\/wp\/v2\/media?parent=9164"}],"curies":[{"name":"wp","href":"https:\/\/api.w.org\/{rel}","templated":true}]}}